{"id":23782,"date":"2026-05-04T19:01:25","date_gmt":"2026-05-04T18:01:25","guid":{"rendered":"https:\/\/ochmann-maschinen.de\/product\/bandsaege-elektra-beckum-bas-600\/"},"modified":"2026-05-04T19:01:25","modified_gmt":"2026-05-04T18:01:25","slug":"bandsaege-elektra-beckum-bas-600","status":"publish","type":"product","link":"https:\/\/ochmann-maschinen.de\/en\/product\/bandsaege-elektra-beckum-bas-600\/","title":{"rendered":"Bands\u00e4ge Elektra-Beckum BAS 600"},"content":{"rendered":"<p>Leichte Bands\u00e4ge Elektra-Beckum Typ BA S 600 zum S\u00e4gen von H\u00f6lzern und anderen Materialien.<\/p>","protected":false},"excerpt":{"rendered":"<table class=\"maschine-tech-table\">\n<tr>\n<td>Maschinengewicht ca. 160 kg<\/td>\n<\/tr>\n<tr>\n<td>Rollendurchmesser 600 mm<\/td>\n<\/tr>\n<tr>\n<td>Schnitth\u00f6he 300 mm<\/td>\n<\/tr>\n<\/table>","protected":false},"featured_media":23783,"template":"","meta":{"_acf_changed":false},"product_brand":[],"product_cat":[1978],"product_tag":[],"class_list":{"0":"post-23782","1":"product","2":"type-product","3":"status-publish","4":"has-post-thumbnail","6":"product_cat-bandsaege","8":"first","9":"instock","10":"product-type-simple"},"acf":[],"_links":{"self":[{"href":"https:\/\/ochmann-maschinen.de\/en\/wp-json\/wp\/v2\/product\/23782","targetHints":{"allow":["GET"]}}],"collection":[{"href":"https:\/\/ochmann-maschinen.de\/en\/wp-json\/wp\/v2\/product"}],"about":[{"href":"https:\/\/ochmann-maschinen.de\/en\/wp-json\/wp\/v2\/types\/product"}],"wp:featuredmedia":[{"embeddable":true,"href":"https:\/\/ochmann-maschinen.de\/en\/wp-json\/wp\/v2\/media\/23783"}],"wp:attachment":[{"href":"https:\/\/ochmann-maschinen.de\/en\/wp-json\/wp\/v2\/media?parent=23782"}],"wp:term":[{"taxonomy":"product_brand","embeddable":true,"href":"https:\/\/ochmann-maschinen.de\/en\/wp-json\/wp\/v2\/product_brand?post=23782"},{"taxonomy":"product_cat","embeddable":true,"href":"https:\/\/ochmann-maschinen.de\/en\/wp-json\/wp\/v2\/product_cat?post=23782"},{"taxonomy":"product_tag","embeddable":true,"href":"https:\/\/ochmann-maschinen.de\/en\/wp-json\/wp\/v2\/product_tag?post=23782"}],"curies":[{"name":"wp","href":"https:\/\/api.w.org\/{rel}","templated":true}]}}