{"id":23775,"date":"2026-04-30T10:01:22","date_gmt":"2026-04-30T09:01:22","guid":{"rendered":"https:\/\/ochmann-maschinen.de\/product\/palettennagelstation-pneumatico-pt-3300\/"},"modified":"2026-04-30T10:01:23","modified_gmt":"2026-04-30T09:01:23","slug":"palettennagelstation-pneumatico-pt-3300","status":"publish","type":"product","link":"https:\/\/ochmann-maschinen.de\/en\/product\/palettennagelstation-pneumatico-pt-3300\/","title":{"rendered":"Pallet Nail Station Pneumatic PT-3300"},"content":{"rendered":"<p>Palettenherstellungsmaschine beziehungsweise Palettenbaumaschine Pneumatico Typ PT-3300 ist ein universelles Ger\u00e4t zur Herstellung von Paletten jeglicher Art. Der obere Rahmen verf\u00fcgt \u00fcber mobile Wagen mit Balancer auf denen die Nagler (inklusive) aufgeh\u00e4ngt sind. Pneumatico PT-3300 gew\u00e4hrleistet eine ergonomische und komfortable Arbeit. Sie garantiert Produktivit\u00e4tsanstieg, Platzersparnis (braucht nur 5,37 m2) und Kostenersparnis bei Vorbereitung der Schablonen f\u00fcr verschiedene Paletten. Bei der traditionellen Palettenherstellung bauen zwei Mitarbeiter circa 200 Paletten w\u00e4hrend einer Schicht zusammen. In der gleichen Zeit mit Hilfe der Pneumatico PT-3300 ist ein Arbeiter imstande selbst circa 170 &#8211; 200 Paletten zusammenzubauen.<\/p>","protected":false},"excerpt":{"rendered":"<table class=\"maschine-tech-table\">\n<tr>\n<td>Weight ~ 650 kg<\/td>\n<\/tr>\n<tr>\n<td>Palettenbreite 900 &#8211; 3.300 mm<\/td>\n<\/tr>\n<tr>\n<td>Palette length 1,500 mm<\/td>\n<\/tr>\n<\/table>","protected":false},"featured_media":23776,"template":"","meta":{"_acf_changed":false},"product_brand":[],"product_cat":[2026],"product_tag":[],"class_list":{"0":"post-23775","1":"product","2":"type-product","3":"status-publish","4":"has-post-thumbnail","6":"product_cat-palettennagelmaschine","8":"first","9":"instock","10":"product-type-simple"},"acf":[],"_links":{"self":[{"href":"https:\/\/ochmann-maschinen.de\/en\/wp-json\/wp\/v2\/product\/23775","targetHints":{"allow":["GET"]}}],"collection":[{"href":"https:\/\/ochmann-maschinen.de\/en\/wp-json\/wp\/v2\/product"}],"about":[{"href":"https:\/\/ochmann-maschinen.de\/en\/wp-json\/wp\/v2\/types\/product"}],"wp:featuredmedia":[{"embeddable":true,"href":"https:\/\/ochmann-maschinen.de\/en\/wp-json\/wp\/v2\/media\/23776"}],"wp:attachment":[{"href":"https:\/\/ochmann-maschinen.de\/en\/wp-json\/wp\/v2\/media?parent=23775"}],"wp:term":[{"taxonomy":"product_brand","embeddable":true,"href":"https:\/\/ochmann-maschinen.de\/en\/wp-json\/wp\/v2\/product_brand?post=23775"},{"taxonomy":"product_cat","embeddable":true,"href":"https:\/\/ochmann-maschinen.de\/en\/wp-json\/wp\/v2\/product_cat?post=23775"},{"taxonomy":"product_tag","embeddable":true,"href":"https:\/\/ochmann-maschinen.de\/en\/wp-json\/wp\/v2\/product_tag?post=23775"}],"curies":[{"name":"wp","href":"https:\/\/api.w.org\/{rel}","templated":true}]}}