{"id":23749,"date":"2026-04-23T15:01:50","date_gmt":"2026-04-23T14:01:50","guid":{"rendered":"https:\/\/ochmann-maschinen.de\/product\/bankraum-und-formatkreissaege-felder-k-700\/"},"modified":"2026-04-23T15:01:50","modified_gmt":"2026-04-23T14:01:50","slug":"bankraum-und-formatkreissaege-felder-k-700","status":"publish","type":"product","link":"https:\/\/ochmann-maschinen.de\/en\/product\/bankraum-und-formatkreissaege-felder-k-700\/","title":{"rendered":"Panel saw and format circular saw Felder K 700"},"content":{"rendered":"<p>Bankraum- und Formatkreiss\u00e4ge Felder Typ K 700 zum pr\u00e4zisen L\u00e4ngs-, Quer- und Formatzuschnitt von Massivholz, Plattenwerkstoffen und \u00e4hnlichen Materialien. Die Maschine kombiniert die Vorteile einer kompakten Bankraums\u00e4ge mit einem Format-Schiebetisch und eignet sich ideal f\u00fcr Schreinereien, M\u00f6belbau und Innenausbau.<br \/>\nSie hat ein schwenkbares S\u00e4geblatt und ist mit digitalem Parallelanschlag ausgestattet.<\/p>\n<p><!-- MASCHINE_TECH_REST_START --><\/p>\n<p><strong>Technical details:<\/strong><\/p>\n<table class=\"maschine-tech-table\">\n<tr>\n<td>Motorleistung 7,3 kW<\/td>\n<\/tr>\n<tr>\n<td>Cutting height ~ 100 mm<\/td>\n<\/tr>\n<tr>\n<td>Maschinengewicht ca, ~ 500 kg<\/td>\n<\/tr>\n<\/table>\n<p><!-- MASCHINE_TECH_REST_END --><\/p>","protected":false},"excerpt":{"rendered":"<table class=\"maschine-tech-table\">\n<tr>\n<td>Saw blade swivelling 45 \u00b0<\/td>\n<\/tr>\n<tr>\n<td>Sled length ~ 1,400 mm<\/td>\n<\/tr>\n<tr>\n<td>Cutting width ~ 840 mm<\/td>\n<\/tr>\n<\/table>","protected":false},"featured_media":23750,"template":"","meta":{"_acf_changed":false},"product_brand":[],"product_cat":[1896],"product_tag":[],"class_list":{"0":"post-23749","1":"product","2":"type-product","3":"status-publish","4":"has-post-thumbnail","6":"product_cat-formatkreissaege","8":"first","9":"instock","10":"product-type-simple"},"acf":[],"_links":{"self":[{"href":"https:\/\/ochmann-maschinen.de\/en\/wp-json\/wp\/v2\/product\/23749","targetHints":{"allow":["GET"]}}],"collection":[{"href":"https:\/\/ochmann-maschinen.de\/en\/wp-json\/wp\/v2\/product"}],"about":[{"href":"https:\/\/ochmann-maschinen.de\/en\/wp-json\/wp\/v2\/types\/product"}],"wp:featuredmedia":[{"embeddable":true,"href":"https:\/\/ochmann-maschinen.de\/en\/wp-json\/wp\/v2\/media\/23750"}],"wp:attachment":[{"href":"https:\/\/ochmann-maschinen.de\/en\/wp-json\/wp\/v2\/media?parent=23749"}],"wp:term":[{"taxonomy":"product_brand","embeddable":true,"href":"https:\/\/ochmann-maschinen.de\/en\/wp-json\/wp\/v2\/product_brand?post=23749"},{"taxonomy":"product_cat","embeddable":true,"href":"https:\/\/ochmann-maschinen.de\/en\/wp-json\/wp\/v2\/product_cat?post=23749"},{"taxonomy":"product_tag","embeddable":true,"href":"https:\/\/ochmann-maschinen.de\/en\/wp-json\/wp\/v2\/product_tag?post=23749"}],"curies":[{"name":"wp","href":"https:\/\/api.w.org\/{rel}","templated":true}]}}