{"id":23678,"date":"2026-04-09T22:01:26","date_gmt":"2026-04-09T21:01:26","guid":{"rendered":"https:\/\/ochmann-maschinen.de\/product\/paternosterstapelanlage-sicko-x-stacker\/"},"modified":"2026-04-09T22:01:26","modified_gmt":"2026-04-09T21:01:26","slug":"paternosterstapelanlage-sicko-x-stacker","status":"publish","type":"product","link":"https:\/\/ochmann-maschinen.de\/en\/product\/paternosterstapelanlage-sicko-x-stacker\/","title":{"rendered":"Sicko X-Stacker paternoster storage system"},"content":{"rendered":"<p>Paternosterstapelanlage, Abstapelung oder Auslaufmechanisierung Sicko Typ X-Stacker zum automatischen Stapeln von Werkst\u00fccken nach Hobelanlagen. Die Anlage ist f\u00fcr einen kontinuierlichen Materialfluss ausgelegt und erm\u00f6glicht das Bilden von Lagen und Paketen in mehreren Fixl\u00e4ngen. Ideal f\u00fcr die rationelle Abstapelung von Holzwerkst\u00fccken.<br \/>\nDie Anlage besteht aus einem Aulaufrollengang nach der Hobelmaschine mit einer L\u00e4nge von: 10,3 m, der Stapeleinheit, sowie einem Rollengang (Pufferstrecke) nach der Stapelung von 7m L\u00e4nge. Technische Details auf Anfrage. Ebenfalls erh\u00e4ltlich ist die komplette Hobellinie, die Hobelmaschine oder das Weinig High-Mech Beschickungsmagazin.<\/p>\n<p><!-- MASCHINE_TECH_REST_START --><\/p>\n<p><strong>Technical details:<\/strong><\/p>\n<table class=\"maschine-tech-table\">\n<tr>\n<td>Max. Lagengewicht 450 kg<\/td>\n<\/tr>\n<tr>\n<td>Max. Stapelgr\u00f6sse 6 x 1,2 x 1,35 m<\/td>\n<\/tr>\n<\/table>\n<p><!-- MASCHINE_TECH_REST_END --><\/p>","protected":false},"excerpt":{"rendered":"<table class=\"maschine-tech-table\">\n<tr>\n<td>Werkst\u00fcckl\u00e4nge 1.500 &#8211; 6.000 mm<\/td>\n<\/tr>\n<tr>\n<td>Werkst\u00fcckbreite 50 &#8211; 200 mm<\/td>\n<\/tr>\n<tr>\n<td>Werkst\u00fcckh\u00f6he 20 &#8211; 100 mm<\/td>\n<\/tr>\n<\/table>","protected":false},"featured_media":23679,"template":"","meta":{"_acf_changed":false},"product_brand":[],"product_cat":[2022],"product_tag":[],"class_list":{"0":"post-23678","1":"product","2":"type-product","3":"status-publish","4":"has-post-thumbnail","6":"product_cat-stapelanlage","8":"first","9":"instock","10":"product-type-simple"},"acf":[],"_links":{"self":[{"href":"https:\/\/ochmann-maschinen.de\/en\/wp-json\/wp\/v2\/product\/23678","targetHints":{"allow":["GET"]}}],"collection":[{"href":"https:\/\/ochmann-maschinen.de\/en\/wp-json\/wp\/v2\/product"}],"about":[{"href":"https:\/\/ochmann-maschinen.de\/en\/wp-json\/wp\/v2\/types\/product"}],"wp:featuredmedia":[{"embeddable":true,"href":"https:\/\/ochmann-maschinen.de\/en\/wp-json\/wp\/v2\/media\/23679"}],"wp:attachment":[{"href":"https:\/\/ochmann-maschinen.de\/en\/wp-json\/wp\/v2\/media?parent=23678"}],"wp:term":[{"taxonomy":"product_brand","embeddable":true,"href":"https:\/\/ochmann-maschinen.de\/en\/wp-json\/wp\/v2\/product_brand?post=23678"},{"taxonomy":"product_cat","embeddable":true,"href":"https:\/\/ochmann-maschinen.de\/en\/wp-json\/wp\/v2\/product_cat?post=23678"},{"taxonomy":"product_tag","embeddable":true,"href":"https:\/\/ochmann-maschinen.de\/en\/wp-json\/wp\/v2\/product_tag?post=23678"}],"curies":[{"name":"wp","href":"https:\/\/api.w.org\/{rel}","templated":true}]}}