{"id":23674,"date":"2026-04-08T22:01:39","date_gmt":"2026-04-08T21:01:39","guid":{"rendered":"https:\/\/ochmann-maschinen.de\/product\/mehrfachablaengsaege-daveba\/"},"modified":"2026-04-08T22:01:39","modified_gmt":"2026-04-08T21:01:39","slug":"mehrfachablaengsaege-daveba","status":"publish","type":"product","link":"https:\/\/ochmann-maschinen.de\/en\/product\/mehrfachablaengsaege-daveba\/","title":{"rendered":"Multi-cut chop saw Daveba"},"content":{"rendered":"<p>Mehrfachabl\u00e4ngs\u00e4ge Daveba zum gleichzeitigen Abl\u00e4ngen von langen Brettern zu mehreren k\u00fcrzeren (mit variabler L\u00e4nge) ohne Mechanisierung. Die Anlage ist demontiert und verladebereit.<\/p>","protected":false},"excerpt":{"rendered":"<table class=\"maschine-tech-table\">\n<tr>\n<td>Anzahl der Aggregate 6 St.<\/td>\n<\/tr>\n<tr>\n<td>Schnittbreite ~ 5.000 mm<\/td>\n<\/tr>\n<tr>\n<td>Schnitth\u00f6he ~ 100 mm<\/td>\n<\/tr>\n<\/table>","protected":false},"featured_media":23675,"template":"","meta":{"_acf_changed":false},"product_brand":[],"product_cat":[2021],"product_tag":[],"class_list":{"0":"post-23674","1":"product","2":"type-product","3":"status-publish","4":"has-post-thumbnail","6":"product_cat-mehrfachablaengsaege","8":"first","9":"instock","10":"product-type-simple"},"acf":[],"_links":{"self":[{"href":"https:\/\/ochmann-maschinen.de\/en\/wp-json\/wp\/v2\/product\/23674","targetHints":{"allow":["GET"]}}],"collection":[{"href":"https:\/\/ochmann-maschinen.de\/en\/wp-json\/wp\/v2\/product"}],"about":[{"href":"https:\/\/ochmann-maschinen.de\/en\/wp-json\/wp\/v2\/types\/product"}],"wp:featuredmedia":[{"embeddable":true,"href":"https:\/\/ochmann-maschinen.de\/en\/wp-json\/wp\/v2\/media\/23675"}],"wp:attachment":[{"href":"https:\/\/ochmann-maschinen.de\/en\/wp-json\/wp\/v2\/media?parent=23674"}],"wp:term":[{"taxonomy":"product_brand","embeddable":true,"href":"https:\/\/ochmann-maschinen.de\/en\/wp-json\/wp\/v2\/product_brand?post=23674"},{"taxonomy":"product_cat","embeddable":true,"href":"https:\/\/ochmann-maschinen.de\/en\/wp-json\/wp\/v2\/product_cat?post=23674"},{"taxonomy":"product_tag","embeddable":true,"href":"https:\/\/ochmann-maschinen.de\/en\/wp-json\/wp\/v2\/product_tag?post=23674"}],"curies":[{"name":"wp","href":"https:\/\/api.w.org\/{rel}","templated":true}]}}