{"id":23046,"date":"2026-04-13T17:01:45","date_gmt":"2026-04-13T16:01:45","guid":{"rendered":"http:\/\/wordpress.p698858.webspaceconfig.de\/product\/weinig-unicontrol-10-3\/"},"modified":"2026-04-13T17:01:45","modified_gmt":"2026-04-13T16:01:45","slug":"window-production-system-weinig-unicontrol-10-2","status":"publish","type":"product","link":"https:\/\/ochmann-maschinen.de\/en\/product\/fensterfertigungsanlage-weinig-unicontrol-10-2\/","title":{"rendered":"Weinig Unicontrol 10 window production line"},"content":{"rendered":"<p>Weinig Unicontrol 10 (UC 10) angular system for the production of windows, elements and doors. Frame-by-frame, series or individual part production with 2 tenoning and slotting spindles incl. Oertli tool set:<br \/>\n1. cross-cut saw, NC axis, 3 kW, \u00f8 40 mm, 2,800 rpm<br \/>\n2. first tenoning and slotting spindle, NC axis, \u00f8 50 mm, 15 kW, clamping length: 640 mm (8 x 80) mm<br \/>\n3. second tenoning and slotting spindle, NC axis, \u00f8 50 mm, 11 kW, clamping length: 400 mm<br \/>\n4. profiling spindle 1, NC axis, \u00f8 50 mm, 11 kW, clamping length: 4 x 80 mm<br \/>\n5. profile trimming unit, horizontal from above, 3 kW<br \/>\n6. profiling spindle 2, NC axis, \u00f8 50 mm, 11 kW, clamping length: 4 x 80 mm<br \/>\n7. profiling spindle 3, NC axis, \u00f8 50 mm, 11 kW, clamping length: 400 mm<br \/>\n8. profile trimming unit, vertical right, 3 kW<br \/>\n9. profile trimming unit, vertical right from top, 3 kW<br \/>\n10. profile trimming unit, horizontal from below, NC axis 3 kW - double parts package<br \/>\n- Milling package with milling carriage<br \/>\n- Automatic turning system<br \/>\n- NEXUS PC control unit<br \/>\n- CNC-controlled length stop<br \/>\n- Studio window furnishings<br \/>\n- Unit for edge rounding from below with cross-cut saw<br \/>\n- Georgian bar support moulding<br \/>\n- Incl. suction pipe system<br \/>\n- Incl. Oertli tool set<br \/>\n- Further technical data and tool drawings on request.<\/p>","protected":false},"excerpt":{"rendered":"<table class=\"maschine-tech-table\">\n<tr>\n<td>Aggregate 10<\/td>\n<\/tr>\n<tr>\n<td>Spindle diameter 40 and 50 mm<\/td>\n<\/tr>\n<tr>\n<td>Motor 1\u00d715 kW, 4\u00d711 kW, 5\u00d73 kW<\/td>\n<\/tr>\n<\/table>","protected":false},"featured_media":23047,"template":"","meta":{"_acf_changed":false},"product_brand":[],"product_cat":[1864],"product_tag":[],"class_list":{"0":"post-23046","1":"product","2":"type-product","3":"status-publish","4":"has-post-thumbnail","6":"product_cat-fensteranlage","8":"first","9":"instock","10":"product-type-simple"},"acf":[],"_links":{"self":[{"href":"https:\/\/ochmann-maschinen.de\/en\/wp-json\/wp\/v2\/product\/23046","targetHints":{"allow":["GET"]}}],"collection":[{"href":"https:\/\/ochmann-maschinen.de\/en\/wp-json\/wp\/v2\/product"}],"about":[{"href":"https:\/\/ochmann-maschinen.de\/en\/wp-json\/wp\/v2\/types\/product"}],"wp:featuredmedia":[{"embeddable":true,"href":"https:\/\/ochmann-maschinen.de\/en\/wp-json\/wp\/v2\/media\/23047"}],"wp:attachment":[{"href":"https:\/\/ochmann-maschinen.de\/en\/wp-json\/wp\/v2\/media?parent=23046"}],"wp:term":[{"taxonomy":"product_brand","embeddable":true,"href":"https:\/\/ochmann-maschinen.de\/en\/wp-json\/wp\/v2\/product_brand?post=23046"},{"taxonomy":"product_cat","embeddable":true,"href":"https:\/\/ochmann-maschinen.de\/en\/wp-json\/wp\/v2\/product_cat?post=23046"},{"taxonomy":"product_tag","embeddable":true,"href":"https:\/\/ochmann-maschinen.de\/en\/wp-json\/wp\/v2\/product_tag?post=23046"}],"curies":[{"name":"wp","href":"https:\/\/api.w.org\/{rel}","templated":true}]}}